{"id":1061,"date":"2020-09-22T12:50:03","date_gmt":"2020-09-22T10:50:03","guid":{"rendered":"https:\/\/leplanepargneretraite.fr\/per\/?page_id=1061"},"modified":"2020-09-29T16:22:42","modified_gmt":"2020-09-29T14:22:42","slug":"conditions-de-deblocage-anticipe","status":"publish","type":"page","link":"https:\/\/leplanepargneretraite.fr\/per\/index.php\/conditions-de-deblocage-anticipe\/","title":{"rendered":"Conditions de d\u00e9blocage anticip\u00e9"},"content":{"rendered":"\n<p class=\"has-black-color has-text-color\"><strong>Votre \u00e9pargne au sein du PER n\u2019est pas forc\u00e9ment bloqu\u00e9e<\/strong>&nbsp;!<\/p>\n\n\n\n<div class=\"wp-block-image\"><figure class=\"aligncenter is-resized\"><img loading=\"lazy\" src=\"https:\/\/plandepargneindividuel.files.wordpress.com\/2020\/04\/bouc3a9-sauvetage.png\" alt=\"undefined\" class=\"wp-image-102\" width=\"92\" height=\"92\"\/><\/figure><\/div>\n\n\n\n<p>En principe, l\u2019\u00e9pargne de votre PER n\u2019est disponible qu\u2019une fois arriv\u00e9 \u00e0 l\u2019\u00e2ge de la retraite. Il existe toutefois des cas de d\u00e9blocages anticip\u00e9s\u00a0comme pour\u00a0l\u2019achat de votre r\u00e9sidence principale.<\/p>\n\n\n\n<ul><li>D\u00e9c\u00e8s du conjoint ou partenaire de PACS<\/li><li>Invalidit\u00e9 du titulaire, de ses enfants ou du conjoint<\/li><li>Surendettement du titulaire (au sens de<a href=\"https:\/\/www.legifrance.gouv.fr\/codes\/article_lc\/LEGIARTI000032224607\/\"> <\/a><a href=\"https:\/\/www.legifrance.gouv.fr\/codes\/article_lc\/LEGIARTI000032224607\/\" target=\"_blank\" rel=\"noreferrer noopener\">l\u2019article L. 711-1 du code de la consommation)<\/a><\/li><li>Expiration des droits \u00e0 ch\u00f4mage du titulaire du plan<\/li><li>R\u00e9vocation ou non renouvellement du mandat d\u2019administration, de membre du directoire ou de membre du conseil de surveillance sans liquidation de de retraite (\u00e0 condition que le titulaire du plan n\u2019ait pas \u00e9t\u00e9 titulaire d\u2019un contrat de travail ou d\u2019un mandat social depuis 2 ans au moins \u00e0 compter du non renouvellement ou de la r\u00e9vocation du mandat social<\/li><li>Cessation de l\u2019activit\u00e9 non salari\u00e9e suite \u00e0 un jugement de liquidation judiciaire ou toute situation justifiant la sortie anticip\u00e9e selon le pr\u00e9sident du tribunal de commerce<\/li><li>Achat de votre r\u00e9sidence principale<\/li><\/ul>\n","protected":false},"excerpt":{"rendered":"<p>Votre \u00e9pargne au sein du PER n\u2019est pas forc\u00e9ment bloqu\u00e9e&nbsp;! En principe, l\u2019\u00e9pargne de votre PER n\u2019est disponible qu\u2019une fois arriv\u00e9 \u00e0 l\u2019\u00e2ge de la retraite. Il existe toutefois des cas de d\u00e9blocages anticip\u00e9s\u00a0comme pour\u00a0l\u2019achat de votre r\u00e9sidence principale. D\u00e9c\u00e8s du conjoint ou partenaire de PACS Invalidit\u00e9 du titulaire, de ses enfants ou du conjoint &hellip; <\/p>\n","protected":false},"author":1,"featured_media":0,"parent":0,"menu_order":0,"comment_status":"closed","ping_status":"closed","template":"","meta":[],"uagb_featured_image_src":{"full":false,"thumbnail":false,"medium":false,"medium_large":false,"large":false,"1536x1536":false,"2048x2048":false,"wptouch-new-thumbnail":false,"rara-business-featured":false,"rara-business-team":false,"rara-business-blog":false,"rara-business-portfolio":false,"rara-business-schema":false},"uagb_author_info":{"display_name":"eparret","author_link":"https:\/\/leplanepargneretraite.fr\/per\/index.php\/author\/eparret\/"},"uagb_comment_info":0,"uagb_excerpt":"Votre \u00e9pargne au sein du PER n\u2019est pas forc\u00e9ment bloqu\u00e9e&nbsp;! En principe, l\u2019\u00e9pargne de votre PER n\u2019est disponible qu\u2019une fois arriv\u00e9 \u00e0 l\u2019\u00e2ge de la retraite. Il existe toutefois des cas de d\u00e9blocages anticip\u00e9s\u00a0comme pour\u00a0l\u2019achat de votre r\u00e9sidence principale. D\u00e9c\u00e8s du conjoint ou partenaire de PACS Invalidit\u00e9 du titulaire, de ses enfants ou du conjoint\u2026","yoast_head":"<!-- This site is optimized with the Yoast SEO plugin v14.9 - https:\/\/yoast.com\/wordpress\/plugins\/seo\/ -->\n<title>Conditions de d\u00e9blocage anticip\u00e9 - Le Plan Epargne Retraite<\/title>\n<meta name=\"robots\" content=\"index, follow, max-snippet:-1, max-image-preview:large, max-video-preview:-1\" \/>\n<link rel=\"canonical\" href=\"https:\/\/leplanepargneretraite.fr\/per\/index.php\/conditions-de-deblocage-anticipe\/\" \/>\n<meta property=\"og:locale\" content=\"fr_FR\" \/>\n<meta property=\"og:type\" content=\"article\" \/>\n<meta property=\"og:title\" content=\"Conditions de d\u00e9blocage anticip\u00e9 - Le Plan Epargne Retraite\" \/>\n<meta property=\"og:description\" content=\"Votre \u00e9pargne au sein du PER n\u2019est pas forc\u00e9ment bloqu\u00e9e&nbsp;! En principe, l\u2019\u00e9pargne de votre PER n\u2019est disponible qu\u2019une fois arriv\u00e9 \u00e0 l\u2019\u00e2ge de la retraite. Il existe toutefois des cas de d\u00e9blocages anticip\u00e9s\u00a0comme pour\u00a0l\u2019achat de votre r\u00e9sidence principale. D\u00e9c\u00e8s du conjoint ou partenaire de PACS Invalidit\u00e9 du titulaire, de ses enfants ou du conjoint &hellip;\" \/>\n<meta property=\"og:url\" content=\"https:\/\/leplanepargneretraite.fr\/per\/index.php\/conditions-de-deblocage-anticipe\/\" \/>\n<meta property=\"og:site_name\" content=\"Le Plan Epargne Retraite\" \/>\n<meta property=\"article:modified_time\" content=\"2020-09-29T14:22:42+00:00\" \/>\n<meta property=\"og:image\" content=\"https:\/\/plandepargneindividuel.files.wordpress.com\/2020\/04\/bouc3a9-sauvetage.png\" \/>\n<meta name=\"twitter:card\" content=\"summary_large_image\" \/>\n<script type=\"application\/ld+json\" class=\"yoast-schema-graph\">{\"@context\":\"https:\/\/schema.org\",\"@graph\":[{\"@type\":\"Organization\",\"@id\":\"https:\/\/leplanepargneretraite.fr\/per\/#organization\",\"name\":\"Le plan epargne retraite\",\"url\":\"https:\/\/leplanepargneretraite.fr\/per\/\",\"sameAs\":[],\"logo\":{\"@type\":\"ImageObject\",\"@id\":\"https:\/\/leplanepargneretraite.fr\/per\/#logo\",\"inLanguage\":\"fr-FR\",\"url\":\"https:\/\/leplanepargneretraite.fr\/per\/wp-content\/uploads\/2020\/09\/PER-7.png\",\"width\":1080,\"height\":1080,\"caption\":\"Le plan epargne retraite\"},\"image\":{\"@id\":\"https:\/\/leplanepargneretraite.fr\/per\/#logo\"}},{\"@type\":\"WebSite\",\"@id\":\"https:\/\/leplanepargneretraite.fr\/per\/#website\",\"url\":\"https:\/\/leplanepargneretraite.fr\/per\/\",\"name\":\"Le Plan Epargne Retraite\",\"description\":\"Investissez vos imp\\u00f4ts pour pr\\u00e9parer votre retraite\",\"publisher\":{\"@id\":\"https:\/\/leplanepargneretraite.fr\/per\/#organization\"},\"potentialAction\":[{\"@type\":\"SearchAction\",\"target\":\"https:\/\/leplanepargneretraite.fr\/per\/?s={search_term_string}\",\"query-input\":\"required name=search_term_string\"}],\"inLanguage\":\"fr-FR\"},{\"@type\":\"ImageObject\",\"@id\":\"https:\/\/leplanepargneretraite.fr\/per\/index.php\/conditions-de-deblocage-anticipe\/#primaryimage\",\"inLanguage\":\"fr-FR\",\"url\":\"https:\/\/plandepargneindividuel.files.wordpress.com\/2020\/04\/bouc3a9-sauvetage.png\"},{\"@type\":\"WebPage\",\"@id\":\"https:\/\/leplanepargneretraite.fr\/per\/index.php\/conditions-de-deblocage-anticipe\/#webpage\",\"url\":\"https:\/\/leplanepargneretraite.fr\/per\/index.php\/conditions-de-deblocage-anticipe\/\",\"name\":\"Conditions de d\\u00e9blocage anticip\\u00e9 - Le Plan Epargne Retraite\",\"isPartOf\":{\"@id\":\"https:\/\/leplanepargneretraite.fr\/per\/#website\"},\"primaryImageOfPage\":{\"@id\":\"https:\/\/leplanepargneretraite.fr\/per\/index.php\/conditions-de-deblocage-anticipe\/#primaryimage\"},\"datePublished\":\"2020-09-22T10:50:03+00:00\",\"dateModified\":\"2020-09-29T14:22:42+00:00\",\"inLanguage\":\"fr-FR\",\"potentialAction\":[{\"@type\":\"ReadAction\",\"target\":[\"https:\/\/leplanepargneretraite.fr\/per\/index.php\/conditions-de-deblocage-anticipe\/\"]}]}]}<\/script>\n<!-- \/ Yoast SEO plugin. -->","_links":{"self":[{"href":"https:\/\/leplanepargneretraite.fr\/per\/index.php\/wp-json\/wp\/v2\/pages\/1061"}],"collection":[{"href":"https:\/\/leplanepargneretraite.fr\/per\/index.php\/wp-json\/wp\/v2\/pages"}],"about":[{"href":"https:\/\/leplanepargneretraite.fr\/per\/index.php\/wp-json\/wp\/v2\/types\/page"}],"author":[{"embeddable":true,"href":"https:\/\/leplanepargneretraite.fr\/per\/index.php\/wp-json\/wp\/v2\/users\/1"}],"replies":[{"embeddable":true,"href":"https:\/\/leplanepargneretraite.fr\/per\/index.php\/wp-json\/wp\/v2\/comments?post=1061"}],"version-history":[{"count":4,"href":"https:\/\/leplanepargneretraite.fr\/per\/index.php\/wp-json\/wp\/v2\/pages\/1061\/revisions"}],"predecessor-version":[{"id":1323,"href":"https:\/\/leplanepargneretraite.fr\/per\/index.php\/wp-json\/wp\/v2\/pages\/1061\/revisions\/1323"}],"wp:attachment":[{"href":"https:\/\/leplanepargneretraite.fr\/per\/index.php\/wp-json\/wp\/v2\/media?parent=1061"}],"curies":[{"name":"wp","href":"https:\/\/api.w.org\/{rel}","templated":true}]}}