{"id":1176,"date":"2020-09-23T10:55:18","date_gmt":"2020-09-23T08:55:18","guid":{"rendered":"https:\/\/leplanepargneretraite.fr\/per\/?page_id=1176"},"modified":"2020-09-29T16:29:12","modified_gmt":"2020-09-29T14:29:12","slug":"le-fonctionnement","status":"publish","type":"page","link":"https:\/\/leplanepargneretraite.fr\/per\/index.php\/le-fonctionnement\/","title":{"rendered":"En d\u00e9tails"},"content":{"rendered":"\n<h3 class=\"has-black-color has-text-color\"><strong><span class=\"has-inline-color has-primary-color\">Qui peut ouvrir un PER Individuel&nbsp;?<\/span><\/strong><\/h3>\n\n\n\n<div style=\"height:25px\" aria-hidden=\"true\" class=\"wp-block-spacer\"><\/div>\n\n\n\n<p class=\"has-black-color has-text-color\">La souscription est ouverte \u00e0 toute personne physique, r\u00e9sidant en France, sans aucune limite d\u2019\u00e2ge, quels que soient vos revenus. Attention, les assureurs souhaitent cependant souvent que vous soyez encore en activit\u00e9.<\/p>\n\n\n\n<div style=\"height:25px\" aria-hidden=\"true\" class=\"wp-block-spacer\"><\/div>\n\n\n\n<h3>Combien peut-on verser ?<\/h3>\n\n\n\n<div style=\"height:20px\" aria-hidden=\"true\" class=\"wp-block-spacer\"><\/div>\n\n\n\n<div class=\"wp-block-image\"><figure class=\"aligncenter size-large is-resized\"><img loading=\"lazy\" src=\"https:\/\/leplanepargneretraite.fr\/per\/wp-content\/uploads\/2020\/09\/10-1-2-1024x576.png\" alt=\"\" class=\"wp-image-1230\" width=\"829\" height=\"466\" srcset=\"https:\/\/leplanepargneretraite.fr\/per\/wp-content\/uploads\/2020\/09\/10-1-2-1024x576.png 1024w, https:\/\/leplanepargneretraite.fr\/per\/wp-content\/uploads\/2020\/09\/10-1-2-300x169.png 300w, https:\/\/leplanepargneretraite.fr\/per\/wp-content\/uploads\/2020\/09\/10-1-2-768x432.png 768w, https:\/\/leplanepargneretraite.fr\/per\/wp-content\/uploads\/2020\/09\/10-1-2-1536x864.png 1536w, https:\/\/leplanepargneretraite.fr\/per\/wp-content\/uploads\/2020\/09\/10-1-2-107x60.png 107w, https:\/\/leplanepargneretraite.fr\/per\/wp-content\/uploads\/2020\/09\/10-1-2.png 1920w\" sizes=\"(max-width: 829px) 100vw, 829px\" \/><\/figure><\/div>\n\n\n\n<div style=\"height:32px\" aria-hidden=\"true\" class=\"wp-block-spacer\"><\/div>\n\n\n\n<p class=\"has-black-color has-text-color\">Les sommes vers\u00e9es sur le PER sont d\u00e9ductibles de vos revenus imposables dans la limite d\u2019un plafond annuel, au choix le plus favorable dans votre situation\u00a0:<\/p>\n\n\n\n<p class=\"has-black-color has-text-color\">\u201310 % de vos revenus (maximum d\u00e9ductible \u00e0 31 786 \u20ac) ;<\/p>\n\n\n\n<p class=\"has-black-color has-text-color\">\u201310 % du plafond annuel de la s\u00e9curit\u00e9 sociale (PASS), soit 4 052 \u20ac d\u00e9ductibles pour les versements 2020;<\/p>\n\n\n\n<p class=\"has-black-color has-text-color\">Et si vous \u00eates ind\u00e9pendant, vous pouvez d\u00e9duire 15% additionnels de vos revenus compris entre 1 et 8 PASS.<\/p>\n\n\n\n<p class=\"has-black-color has-text-color\">Exemple&nbsp;illustratif :<\/p>\n\n\n\n<div class=\"wp-block-image\"><figure class=\"alignleft size-large is-resized\"><img loading=\"lazy\" src=\"https:\/\/leplanepargneretraite.fr\/per\/wp-content\/uploads\/2020\/09\/Sans-titre-36-1024x1024.png\" alt=\"\" class=\"wp-image-924\" width=\"96\" height=\"96\" srcset=\"https:\/\/leplanepargneretraite.fr\/per\/wp-content\/uploads\/2020\/09\/Sans-titre-36-1024x1024.png 1024w, https:\/\/leplanepargneretraite.fr\/per\/wp-content\/uploads\/2020\/09\/Sans-titre-36-300x300.png 300w, https:\/\/leplanepargneretraite.fr\/per\/wp-content\/uploads\/2020\/09\/Sans-titre-36-150x150.png 150w, https:\/\/leplanepargneretraite.fr\/per\/wp-content\/uploads\/2020\/09\/Sans-titre-36-768x768.png 768w, https:\/\/leplanepargneretraite.fr\/per\/wp-content\/uploads\/2020\/09\/Sans-titre-36-370x370.png 370w, https:\/\/leplanepargneretraite.fr\/per\/wp-content\/uploads\/2020\/09\/Sans-titre-36-60x60.png 60w, https:\/\/leplanepargneretraite.fr\/per\/wp-content\/uploads\/2020\/09\/Sans-titre-36.png 1080w\" sizes=\"(max-width: 96px) 100vw, 96px\" \/><\/figure><\/div>\n\n\n\n<p class=\"has-black-color has-text-color\">En 2020, en versant 5 000 \u20ac sur votre PER, vous d\u00e9duisez 5 000 \u20ac de vos revenus imposables dans votre d\u00e9claration 2020 dont 1 500 \u20ac d\u2019imp\u00f4ts sur le revenu de la tranche marginale d\u2019imposition \u00e0 30%.<\/p>\n\n\n\n<div style=\"height:25px\" aria-hidden=\"true\" class=\"wp-block-spacer\"><\/div>\n\n\n\n<h3 class=\"has-black-color has-text-color\"><strong><span class=\"has-inline-color has-primary-color\">Comment alimenter son Plan&nbsp;?<\/span><\/strong><\/h3>\n\n\n\n<div style=\"height:25px\" aria-hidden=\"true\" class=\"wp-block-spacer\"><\/div>\n\n\n\n<p class=\"has-text-color\" style=\"color:#2a870d\"><strong>Avec des versements<\/strong><\/p>\n\n\n\n<div class=\"wp-block-image\"><figure class=\"alignleft size-large is-resized\"><img loading=\"lazy\" src=\"https:\/\/leplanepargneretraite.fr\/per\/wp-content\/uploads\/2020\/09\/Sans-titre-43-1024x1024.png\" alt=\"\" class=\"wp-image-1184\" width=\"134\" height=\"134\" srcset=\"https:\/\/leplanepargneretraite.fr\/per\/wp-content\/uploads\/2020\/09\/Sans-titre-43-1024x1024.png 1024w, https:\/\/leplanepargneretraite.fr\/per\/wp-content\/uploads\/2020\/09\/Sans-titre-43-300x300.png 300w, https:\/\/leplanepargneretraite.fr\/per\/wp-content\/uploads\/2020\/09\/Sans-titre-43-150x150.png 150w, https:\/\/leplanepargneretraite.fr\/per\/wp-content\/uploads\/2020\/09\/Sans-titre-43-768x768.png 768w, https:\/\/leplanepargneretraite.fr\/per\/wp-content\/uploads\/2020\/09\/Sans-titre-43-370x370.png 370w, https:\/\/leplanepargneretraite.fr\/per\/wp-content\/uploads\/2020\/09\/Sans-titre-43-60x60.png 60w, https:\/\/leplanepargneretraite.fr\/per\/wp-content\/uploads\/2020\/09\/Sans-titre-43.png 1080w\" sizes=\"(max-width: 134px) 100vw, 134px\" \/><\/figure><\/div>\n\n\n\n<p class=\"has-black-color has-text-color\">Les versements sont libres et enti\u00e8rement modulables, vous pouvez mettre en place des versements programm\u00e9s. Ainsi, lors d\u2019une ann\u00e9e financi\u00e8rement difficile, vous pouvez suspendre vos versements et \u00e0 l\u2019inverse, quand vous disposez d&#8217;un exc\u00e9dent, les placer sur votre contrat.<\/p>\n\n\n\n<p class=\"has-text-color\" style=\"color:#2a870d\"><strong>En transf\u00e9rant un ancien contrat<\/strong><\/p>\n\n\n\n<p class=\"has-black-color has-text-color\"><em><span class=\"has-inline-color has-primary-color\">La loi Pacte&nbsp;: une souplesse suppl\u00e9mentaire dans le transfert de vos anciens contrats.<\/span><\/em><\/p>\n\n\n\n<div class=\"wp-block-image\"><figure class=\"alignleft size-large is-resized\"><img loading=\"lazy\" src=\"https:\/\/leplanepargneretraite.fr\/per\/wp-content\/uploads\/2020\/09\/Sans-titre-44-1024x1024.png\" alt=\"\" class=\"wp-image-1186\" width=\"62\" height=\"62\" srcset=\"https:\/\/leplanepargneretraite.fr\/per\/wp-content\/uploads\/2020\/09\/Sans-titre-44-1024x1024.png 1024w, https:\/\/leplanepargneretraite.fr\/per\/wp-content\/uploads\/2020\/09\/Sans-titre-44-300x300.png 300w, https:\/\/leplanepargneretraite.fr\/per\/wp-content\/uploads\/2020\/09\/Sans-titre-44-150x150.png 150w, https:\/\/leplanepargneretraite.fr\/per\/wp-content\/uploads\/2020\/09\/Sans-titre-44-768x768.png 768w, https:\/\/leplanepargneretraite.fr\/per\/wp-content\/uploads\/2020\/09\/Sans-titre-44-370x370.png 370w, https:\/\/leplanepargneretraite.fr\/per\/wp-content\/uploads\/2020\/09\/Sans-titre-44-60x60.png 60w, https:\/\/leplanepargneretraite.fr\/per\/wp-content\/uploads\/2020\/09\/Sans-titre-44.png 1080w\" sizes=\"(max-width: 62px) 100vw, 62px\" \/><\/figure><\/div>\n\n\n\n<p class=\"has-black-color has-text-color\">Les contrats d\u2019\u00e9pargne retraite individuels existants, Perp, Madelin ou Pr\u00e9fon peuvent \u00eatre transf\u00e9r\u00e9s vers un PER Individuel.<\/p>\n\n\n\n<p class=\"has-black-color has-text-color\">Les contrats d\u2019\u00e9pargne retraite collectifs ou obligatoires pourront \u00eatre transf\u00e9r\u00e9s dans un PER Individuel, \u00e0 condition d\u2019avoir quitt\u00e9 l\u2019entreprise ou de ne plus appartenir \u00e0 la cat\u00e9gorie objective de salari\u00e9s.<\/p>\n\n\n\n<p class=\"has-black-color has-text-color\">Ces contrats offrant en g\u00e9n\u00e9ral une sortie obligatoirement en rente, leur transfert dans un PER vous permet de r\u00e9cup\u00e9rer votre \u00e9pargne en capital. <\/p>\n\n\n\n<div style=\"height:25px\" aria-hidden=\"true\" class=\"wp-block-spacer\"><\/div>\n\n\n\n<p class=\"has-text-color\" style=\"color:#2a870d\"><span class=\"has-inline-color has-primary-color\"><span style=\"text-decoration:underline;\"><strong>Les frais de transfert&nbsp;:<\/strong><\/span><\/span><\/p>\n\n\n\n<p><strong>D\u2019un PER vers un autre PER&nbsp;<\/strong><\/p>\n\n\n\n<div class=\"wp-block-image\"><figure class=\"alignleft size-large is-resized\"><img loading=\"lazy\" src=\"https:\/\/leplanepargneretraite.fr\/per\/wp-content\/uploads\/2020\/09\/Sans-titre-45-1024x1024.png\" alt=\"\" class=\"wp-image-1187\" width=\"149\" height=\"149\" srcset=\"https:\/\/leplanepargneretraite.fr\/per\/wp-content\/uploads\/2020\/09\/Sans-titre-45-1024x1024.png 1024w, https:\/\/leplanepargneretraite.fr\/per\/wp-content\/uploads\/2020\/09\/Sans-titre-45-300x300.png 300w, https:\/\/leplanepargneretraite.fr\/per\/wp-content\/uploads\/2020\/09\/Sans-titre-45-150x150.png 150w, https:\/\/leplanepargneretraite.fr\/per\/wp-content\/uploads\/2020\/09\/Sans-titre-45-768x768.png 768w, https:\/\/leplanepargneretraite.fr\/per\/wp-content\/uploads\/2020\/09\/Sans-titre-45-370x370.png 370w, https:\/\/leplanepargneretraite.fr\/per\/wp-content\/uploads\/2020\/09\/Sans-titre-45-60x60.png 60w, https:\/\/leplanepargneretraite.fr\/per\/wp-content\/uploads\/2020\/09\/Sans-titre-45.png 1080w\" sizes=\"(max-width: 149px) 100vw, 149px\" \/><\/figure><\/div>\n\n\n\n<p class=\"has-black-color has-text-color\"><strong>Avant les 5 ans<\/strong> <strong>du plan<\/strong>, il en co\u00fbtera 1&nbsp;% des droits acquis au maximum. <\/p>\n\n\n\n<p class=\"has-black-color has-text-color\"><strong>Apr\u00e8s les 5 ans du plan<\/strong>, le transfert sera gratuit. Les frais de transferts des autres contrats vers le PER d\u00e9pendent du contrat d\u2019origine.<\/p>\n\n\n\n<p class=\"has-black-color has-text-color\"><strong>D\u2019un PERP, Madelin vers un PER&nbsp;<\/strong><\/p>\n\n\n\n<p class=\"has-black-color has-text-color\">Les frais ne peuvent exc\u00e9der 5% de la provision math\u00e9matiques et sont nuls \u00e0 l\u2019issue d\u2019une p\u00e9riode de 10 ans (date d\u2019anniversaire du contrat).&nbsp;<\/p>\n\n\n\n<div style=\"height:20px\" aria-hidden=\"true\" class=\"wp-block-spacer\"><\/div>\n\n\n\n<h3 class=\"has-black-color has-text-color\">Sp\u00e9cificit\u00e9s<\/h3>\n\n\n\n<div style=\"height:20px\" aria-hidden=\"true\" class=\"wp-block-spacer\"><\/div>\n\n\n\n<p class=\"has-black-color has-text-color\">Le plafond \u00e0 verser sur un PER se calcule sur le foyer fiscal au global. Il est possible de d\u00e9tenir plusieurs PER sans limitation.<\/p>\n\n\n\n<p class=\"has-black-color has-text-color\">Point d\u2019attention\u00a0: si vous n\u2019avez pas vers\u00e9 jusqu\u2019au plafond maximum autoris\u00e9, vous pouvez le reporter sur les trois ann\u00e9es suivantes.<\/p>\n","protected":false},"excerpt":{"rendered":"<p>Qui peut ouvrir un PER Individuel&nbsp;? La souscription est ouverte \u00e0 toute personne physique, r\u00e9sidant en France, sans aucune limite d\u2019\u00e2ge, quels que soient vos revenus. Attention, les assureurs souhaitent cependant souvent que vous soyez encore en activit\u00e9. Combien peut-on verser ? Les sommes vers\u00e9es sur le PER sont d\u00e9ductibles de vos revenus imposables dans &hellip; <\/p>\n","protected":false},"author":1,"featured_media":0,"parent":0,"menu_order":0,"comment_status":"closed","ping_status":"closed","template":"","meta":[],"uagb_featured_image_src":{"full":false,"thumbnail":false,"medium":false,"medium_large":false,"large":false,"1536x1536":false,"2048x2048":false,"wptouch-new-thumbnail":false,"rara-business-featured":false,"rara-business-team":false,"rara-business-blog":false,"rara-business-portfolio":false,"rara-business-schema":false},"uagb_author_info":{"display_name":"eparret","author_link":"https:\/\/leplanepargneretraite.fr\/per\/index.php\/author\/eparret\/"},"uagb_comment_info":0,"uagb_excerpt":"Qui peut ouvrir un PER Individuel&nbsp;? La souscription est ouverte \u00e0 toute personne physique, r\u00e9sidant en France, sans aucune limite d\u2019\u00e2ge, quels que soient vos revenus. Attention, les assureurs souhaitent cependant souvent que vous soyez encore en activit\u00e9. Combien peut-on verser ? Les sommes vers\u00e9es sur le PER sont d\u00e9ductibles de vos revenus imposables dans\u2026","yoast_head":"<!-- This site is optimized with the Yoast SEO plugin v14.9 - https:\/\/yoast.com\/wordpress\/plugins\/seo\/ -->\n<title>En d\u00e9tails - Le Plan Epargne Retraite<\/title>\n<meta name=\"robots\" content=\"index, follow, max-snippet:-1, max-image-preview:large, max-video-preview:-1\" \/>\n<link rel=\"canonical\" href=\"https:\/\/leplanepargneretraite.fr\/per\/index.php\/le-fonctionnement\/\" \/>\n<meta property=\"og:locale\" content=\"fr_FR\" \/>\n<meta property=\"og:type\" content=\"article\" \/>\n<meta property=\"og:title\" content=\"En d\u00e9tails - Le Plan Epargne Retraite\" \/>\n<meta property=\"og:description\" content=\"Qui peut ouvrir un PER Individuel&nbsp;? La souscription est ouverte \u00e0 toute personne physique, r\u00e9sidant en France, sans aucune limite d\u2019\u00e2ge, quels que soient vos revenus. Attention, les assureurs souhaitent cependant souvent que vous soyez encore en activit\u00e9. Combien peut-on verser ? Les sommes vers\u00e9es sur le PER sont d\u00e9ductibles de vos revenus imposables dans &hellip;\" \/>\n<meta property=\"og:url\" content=\"https:\/\/leplanepargneretraite.fr\/per\/index.php\/le-fonctionnement\/\" \/>\n<meta property=\"og:site_name\" content=\"Le Plan Epargne Retraite\" \/>\n<meta property=\"article:modified_time\" content=\"2020-09-29T14:29:12+00:00\" \/>\n<meta property=\"og:image\" content=\"https:\/\/leplanepargneretraite.fr\/per\/wp-content\/uploads\/2020\/09\/10-1-2-1024x576.png\" \/>\n<meta name=\"twitter:card\" content=\"summary_large_image\" \/>\n<script type=\"application\/ld+json\" class=\"yoast-schema-graph\">{\"@context\":\"https:\/\/schema.org\",\"@graph\":[{\"@type\":\"Organization\",\"@id\":\"https:\/\/leplanepargneretraite.fr\/per\/#organization\",\"name\":\"Le plan epargne retraite\",\"url\":\"https:\/\/leplanepargneretraite.fr\/per\/\",\"sameAs\":[],\"logo\":{\"@type\":\"ImageObject\",\"@id\":\"https:\/\/leplanepargneretraite.fr\/per\/#logo\",\"inLanguage\":\"fr-FR\",\"url\":\"https:\/\/leplanepargneretraite.fr\/per\/wp-content\/uploads\/2020\/09\/PER-7.png\",\"width\":1080,\"height\":1080,\"caption\":\"Le plan epargne retraite\"},\"image\":{\"@id\":\"https:\/\/leplanepargneretraite.fr\/per\/#logo\"}},{\"@type\":\"WebSite\",\"@id\":\"https:\/\/leplanepargneretraite.fr\/per\/#website\",\"url\":\"https:\/\/leplanepargneretraite.fr\/per\/\",\"name\":\"Le Plan Epargne Retraite\",\"description\":\"Investissez vos imp\\u00f4ts pour pr\\u00e9parer votre retraite\",\"publisher\":{\"@id\":\"https:\/\/leplanepargneretraite.fr\/per\/#organization\"},\"potentialAction\":[{\"@type\":\"SearchAction\",\"target\":\"https:\/\/leplanepargneretraite.fr\/per\/?s={search_term_string}\",\"query-input\":\"required name=search_term_string\"}],\"inLanguage\":\"fr-FR\"},{\"@type\":\"ImageObject\",\"@id\":\"https:\/\/leplanepargneretraite.fr\/per\/index.php\/le-fonctionnement\/#primaryimage\",\"inLanguage\":\"fr-FR\",\"url\":\"https:\/\/leplanepargneretraite.fr\/per\/wp-content\/uploads\/2020\/09\/10-1-2.png\",\"width\":1920,\"height\":1080},{\"@type\":\"WebPage\",\"@id\":\"https:\/\/leplanepargneretraite.fr\/per\/index.php\/le-fonctionnement\/#webpage\",\"url\":\"https:\/\/leplanepargneretraite.fr\/per\/index.php\/le-fonctionnement\/\",\"name\":\"En d\\u00e9tails - Le Plan Epargne Retraite\",\"isPartOf\":{\"@id\":\"https:\/\/leplanepargneretraite.fr\/per\/#website\"},\"primaryImageOfPage\":{\"@id\":\"https:\/\/leplanepargneretraite.fr\/per\/index.php\/le-fonctionnement\/#primaryimage\"},\"datePublished\":\"2020-09-23T08:55:18+00:00\",\"dateModified\":\"2020-09-29T14:29:12+00:00\",\"inLanguage\":\"fr-FR\",\"potentialAction\":[{\"@type\":\"ReadAction\",\"target\":[\"https:\/\/leplanepargneretraite.fr\/per\/index.php\/le-fonctionnement\/\"]}]}]}<\/script>\n<!-- \/ Yoast SEO plugin. -->","_links":{"self":[{"href":"https:\/\/leplanepargneretraite.fr\/per\/index.php\/wp-json\/wp\/v2\/pages\/1176"}],"collection":[{"href":"https:\/\/leplanepargneretraite.fr\/per\/index.php\/wp-json\/wp\/v2\/pages"}],"about":[{"href":"https:\/\/leplanepargneretraite.fr\/per\/index.php\/wp-json\/wp\/v2\/types\/page"}],"author":[{"embeddable":true,"href":"https:\/\/leplanepargneretraite.fr\/per\/index.php\/wp-json\/wp\/v2\/users\/1"}],"replies":[{"embeddable":true,"href":"https:\/\/leplanepargneretraite.fr\/per\/index.php\/wp-json\/wp\/v2\/comments?post=1176"}],"version-history":[{"count":29,"href":"https:\/\/leplanepargneretraite.fr\/per\/index.php\/wp-json\/wp\/v2\/pages\/1176\/revisions"}],"predecessor-version":[{"id":1333,"href":"https:\/\/leplanepargneretraite.fr\/per\/index.php\/wp-json\/wp\/v2\/pages\/1176\/revisions\/1333"}],"wp:attachment":[{"href":"https:\/\/leplanepargneretraite.fr\/per\/index.php\/wp-json\/wp\/v2\/media?parent=1176"}],"curies":[{"name":"wp","href":"https:\/\/api.w.org\/{rel}","templated":true}]}}