{"id":6,"date":"2020-03-26T15:35:15","date_gmt":"2020-03-26T14:35:15","guid":{"rendered":"https:\/\/plandepargneindividuel.wordpress.com\/?page_id=6"},"modified":"2020-09-30T16:20:18","modified_gmt":"2020-09-30T14:20:18","slug":"blog","status":"publish","type":"page","link":"https:\/\/leplanepargneretraite.fr\/per\/","title":{"rendered":""},"content":{"rendered":"\n<div style=\"height:44px\" aria-hidden=\"true\" class=\"wp-block-spacer\"><\/div>\n\n\n\n<h1 class=\"has-black-color has-text-color\" id=\"Tout-Savoir\">Tout savoir sur le PERin<\/h1>\n\n\n\n<p><\/p>\n\n\n\n<h2 class=\"has-black-color has-text-color\">Utiliser vos imp\u00f4ts pour financer votre retraite (ou votre r\u00e9sidence principale) <\/h2>\n\n\n\n<div style=\"height:29px\" aria-hidden=\"true\" class=\"wp-block-spacer\"><\/div>\n\n\n\n<p class=\"has-text-color\" style=\"color:#2a870d\"><strong>En investissant dans un PER, vous pourrez d\u00e9duire vos versements de votre revenu imposable, et ainsi r\u00e9duire vos imp\u00f4ts. <\/strong><\/p>\n\n\n\n<p class=\".maclasse{ text-align:justify; } has-black-color has-text-color\">Et gr\u00e2ce aux nouveaut\u00e9s introduites par la loi pacte, vous aurez la libert\u00e9 de r\u00e9cup\u00e9rer vos fonds : <\/p>\n\n\n\n<p class=\".maclasse{ text-align:justify; } has-black-color has-text-color\">&#8211; En effectuant simplement des retraits, partiels ou total, une fois \u00e0 la retraite ou pour l&#8217;acquisition de votre r\u00e9sidence principale,<\/p>\n\n\n\n<p class=\".maclasse{ text-align:justify; } has-black-color has-text-color\">&#8211; Ou en percevant une rente viag\u00e8re vous permettant d&#8217;envisager l&#8217;avenir en toute s\u00e9r\u00e9nit\u00e9.<\/p>\n\n\n\n<div style=\"height:99px\" aria-hidden=\"true\" class=\"wp-block-spacer\"><\/div>\n\n\n\n<div class=\"wp-block-group alignwide\"><div class=\"wp-block-group__inner-container\">\n<h2 class=\"has-black-color has-text-color\"><strong>Combien peut-on d\u00e9duire ? <\/strong><\/h2>\n\n\n\n<p class=\".maclasse{ text-align:justify; } has-black-color has-text-color\">Les sommes vers\u00e9es sur le PER sont d\u00e9ductibles de vos revenus imposables dans la limite d\u2019un plafond annuel, au choix le plus favorable dans votre situation&nbsp;:<\/p>\n\n\n\n<div class=\"wp-block-image\"><figure class=\"aligncenter size-large is-resized\"><img loading=\"lazy\" src=\"https:\/\/leplanepargneretraite.fr\/per\/wp-content\/uploads\/2020\/09\/10-1-1-1024x576.png\" alt=\"\" class=\"wp-image-1226\" width=\"841\" height=\"473\" srcset=\"https:\/\/leplanepargneretraite.fr\/per\/wp-content\/uploads\/2020\/09\/10-1-1-1024x576.png 1024w, https:\/\/leplanepargneretraite.fr\/per\/wp-content\/uploads\/2020\/09\/10-1-1-300x169.png 300w, https:\/\/leplanepargneretraite.fr\/per\/wp-content\/uploads\/2020\/09\/10-1-1-768x432.png 768w, https:\/\/leplanepargneretraite.fr\/per\/wp-content\/uploads\/2020\/09\/10-1-1-1536x864.png 1536w, https:\/\/leplanepargneretraite.fr\/per\/wp-content\/uploads\/2020\/09\/10-1-1-107x60.png 107w, https:\/\/leplanepargneretraite.fr\/per\/wp-content\/uploads\/2020\/09\/10-1-1.png 1920w\" sizes=\"(max-width: 841px) 100vw, 841px\" \/><\/figure><\/div>\n\n\n\n<p><\/p>\n\n\n\n<p class=\"has-black-color has-text-color\">-10 % de vos revenus (maximum d\u00e9ductible \u00e0 32 419 \u20ac) ;<\/p>\n\n\n\n<p class=\"has-black-color has-text-color\">-10 % du plafond annuel de la s\u00e9curit\u00e9 sociale (PASS), soit 4 052 \u20ac d\u00e9ductibles pour les versements 2020;<\/p>\n\n\n\n<p class=\"has-black-color has-text-color\">Et si vous \u00eates ind\u00e9pendant, vous pouvez d\u00e9duire 15% additionnels de vos revenus compris entre 1 et 8 PASS.<\/p>\n\n\n\n<div style=\"height:42px\" aria-hidden=\"true\" class=\"wp-block-spacer\"><\/div>\n\n\n\n<div class=\"wp-block-buttons aligncenter\">\n<div class=\"wp-block-button is-style-outline\"><a class=\"wp-block-button__link has-white-background-color has-text-color has-background\" href=\"https:\/\/leplanepargneretraite.fr\/per\/index.php\/le-fonctionnement\/\" style=\"color:#2a870d\">Lire la suite<\/a><\/div>\n<\/div>\n\n\n\n<div style=\"height:51px\" aria-hidden=\"true\" class=\"wp-block-spacer\"><\/div>\n\n\n\n<h2 class=\"has-black-color has-text-color\">Dans quel cas est-il int\u00e9ressant d&#8217;\u00e9pargner sur un PER ?<\/h2>\n\n\n\n<p class=\".maclasse{ text-align:justify; } has-black-color has-text-color\">Le PER est particuli\u00e8rement int\u00e9ressant pour les individus qui disposent de revenus importants. Par exemple, Roger, c\u00e9libataire, gagne 40 000 euros par an et paie 30 centimes d&#8217;imp\u00f4ts suppl\u00e9mentaires pour chaque euro gagn\u00e9 en plus (sa tranche marginale d&#8217;imposition, ou TMI, est de 30%).<\/p>\n\n\n\n<p class=\"has-black-color has-text-color\">De la m\u00eame fa\u00e7on, il \u00e9conomise 30 centimes d&#8217;imp\u00f4t pour chaque euro d\u00e9clar\u00e9 en moins dans ses revenus.<\/p>\n\n\n\n<p class=\".maclasse{ text-align:justify; } has-text-color\" style=\"color:#2a870d\">L&#8217;investissement dans un PER permet de d\u00e9duire vos versements de vos revenus imposable, et donc de diminuer votre imp\u00f4t pendant votre vie active, et utiliser cette \u00e9pargne durant votre retraite, alors que vos revenus auront diminu\u00e9, et votre imposition \u00e9galement. <\/p>\n\n\n\n<div style=\"height:20px\" aria-hidden=\"true\" class=\"wp-block-spacer\"><\/div>\n\n\n\n<p class=\"has-text-align-left\">Avec le m\u00eame exemple, en passant de 40 000 euros de revenus par an en activit\u00e9 \u00e0 20 000 une fois \u00e0 la retraite, Roger \u00e9conomise 30% sur les montants investis et ne paye que 11% d&#8217;imp\u00f4ts sur le revenu sur les sommes qu&#8217;il r\u00e9cup\u00e8re.<\/p>\n\n\n\n<div class=\"wp-block-image\"><figure class=\"aligncenter size-large is-resized\"><img loading=\"lazy\" src=\"https:\/\/leplanepargneretraite.fr\/per\/wp-content\/uploads\/2020\/09\/Exemple-versement-PER-copie-photo-1024x576.png\" alt=\"\" class=\"wp-image-1018\" width=\"826\" height=\"464\" srcset=\"https:\/\/leplanepargneretraite.fr\/per\/wp-content\/uploads\/2020\/09\/Exemple-versement-PER-copie-photo-1024x576.png 1024w, https:\/\/leplanepargneretraite.fr\/per\/wp-content\/uploads\/2020\/09\/Exemple-versement-PER-copie-photo-300x169.png 300w, https:\/\/leplanepargneretraite.fr\/per\/wp-content\/uploads\/2020\/09\/Exemple-versement-PER-copie-photo-768x432.png 768w, https:\/\/leplanepargneretraite.fr\/per\/wp-content\/uploads\/2020\/09\/Exemple-versement-PER-copie-photo-107x60.png 107w, https:\/\/leplanepargneretraite.fr\/per\/wp-content\/uploads\/2020\/09\/Exemple-versement-PER-copie-photo.png 1280w\" sizes=\"(max-width: 826px) 100vw, 826px\" \/><\/figure><\/div>\n\n\n\n<div class=\"wp-block-image\"><figure class=\"aligncenter size-large is-resized\"><img loading=\"lazy\" src=\"https:\/\/leplanepargneretraite.fr\/per\/wp-content\/uploads\/2020\/09\/Exemple-versement-PER-copie-photo-2-1024x576.png\" alt=\"\" class=\"wp-image-1019\" width=\"833\" height=\"467\" srcset=\"https:\/\/leplanepargneretraite.fr\/per\/wp-content\/uploads\/2020\/09\/Exemple-versement-PER-copie-photo-2-300x169.png 300w, https:\/\/leplanepargneretraite.fr\/per\/wp-content\/uploads\/2020\/09\/Exemple-versement-PER-copie-photo-2-768x432.png 768w, https:\/\/leplanepargneretraite.fr\/per\/wp-content\/uploads\/2020\/09\/Exemple-versement-PER-copie-photo-2-107x60.png 107w\" sizes=\"(max-width: 833px) 100vw, 833px\" \/><\/figure><\/div>\n\n\n\n<p><\/p>\n<p class=\"has-text-color\" style=\"color: #2a870d;\"><span style=\"color: #000000;\">De plus, m\u00eame avec une imposition \u00e9quivalente \u00e0 la retraite, la part d&#8217;imp\u00f4ts que vous aurez pu investir sur le plan devrait avoir engendr\u00e9 des produits dont vous n&#8217;auriez pas b\u00e9n\u00e9fici\u00e9 avec un autre investissement, comme par exemple une assurance-vie.&nbsp;<\/span><\/p>\n\n\n\n<div style=\"height:28px\" aria-hidden=\"true\" class=\"wp-block-spacer\"><\/div>\n\n\n\n<div class=\"wp-block-buttons aligncenter\">\n<div class=\"wp-block-button is-style-outline\"><a class=\"wp-block-button__link has-white-background-color has-text-color has-background\" href=\"https:\/\/leplanepargneretraite.fr\/per\/index.php\/votre-strategie\/\" style=\"color:#2a870d\">Lire la suite<\/a><\/div>\n<\/div>\n\n\n\n<div style=\"height:45px\" aria-hidden=\"true\" class=\"wp-block-spacer\"><\/div>\n\n\n\n<h2 class=\"has-black-color has-text-color\"><strong>Les fonds investis sur le PER individuel restent disponibles en cas d&#8217;al\u00e9as de la vie<\/strong> <\/h2>\n\n\n\n<div class=\"wp-block-group\"><div class=\"wp-block-group__inner-container\">\n<div class=\"wp-block-image\"><figure class=\"alignleft size-large is-resized\"><img loading=\"lazy\" src=\"https:\/\/leplanepargneretraite.fr\/per\/wp-content\/uploads\/2020\/09\/Sans-titre-39-1-1024x1024.png\" alt=\"\" class=\"wp-image-1135\" width=\"87\" height=\"87\" srcset=\"https:\/\/leplanepargneretraite.fr\/per\/wp-content\/uploads\/2020\/09\/Sans-titre-39-1-1024x1024.png 1024w, https:\/\/leplanepargneretraite.fr\/per\/wp-content\/uploads\/2020\/09\/Sans-titre-39-1-300x300.png 300w, https:\/\/leplanepargneretraite.fr\/per\/wp-content\/uploads\/2020\/09\/Sans-titre-39-1-150x150.png 150w, https:\/\/leplanepargneretraite.fr\/per\/wp-content\/uploads\/2020\/09\/Sans-titre-39-1-768x768.png 768w, https:\/\/leplanepargneretraite.fr\/per\/wp-content\/uploads\/2020\/09\/Sans-titre-39-1-370x370.png 370w, https:\/\/leplanepargneretraite.fr\/per\/wp-content\/uploads\/2020\/09\/Sans-titre-39-1-60x60.png 60w, https:\/\/leplanepargneretraite.fr\/per\/wp-content\/uploads\/2020\/09\/Sans-titre-39-1.png 1080w\" sizes=\"(max-width: 87px) 100vw, 87px\" \/><\/figure><\/div>\n\n\n\n<p class=\"has-black-color has-text-color\">En principe, l&#8217;\u00e9pargne de votre PER n&#8217;est disponible qu&#8217;une fois arriv\u00e9 \u00e0 l&#8217;\u00e2ge de la retraite. Il existe toutefois des cas de<strong> <\/strong>d\u00e9blocages anticip\u00e9s&nbsp;comme pour <strong>l&#8217;achat de votre r\u00e9sidence principale.<\/strong><\/p>\n\n\n\n<div style=\"height:20px\" aria-hidden=\"true\" class=\"wp-block-spacer\"><\/div>\n\n\n\n<p><\/p>\n<\/div><\/div>\n\n\n\n<div class=\"wp-block-buttons aligncenter\">\n<div class=\"wp-block-button is-style-outline\"><a class=\"wp-block-button__link has-white-background-color has-text-color has-background\" href=\"https:\/\/leplanepargneretraite.fr\/per\/index.php\/conditions-de-deblocage-anticipe\/\" style=\"border-radius:50px;color:#2a870d\">Voir les conditions de d\u00e9blocage anticip\u00e9es<\/a><\/div>\n<\/div>\n\n\n\n<div style=\"height:49px\" aria-hidden=\"true\" class=\"wp-block-spacer\"><\/div>\n\n\n\n<h2 class=\"has-black-color has-text-color\"><strong>Quelle fiscalit\u00e9 \u00e0 la sortie du PER?<\/strong><\/h2>\n\n\n\n<p class=\"has-black-color has-text-color\">Lorsque vous avez d\u00e9duits les versements de vos revenus \u00e0 l&#8217;entr\u00e9e, vous devrez, \u00e0 la sortie :<\/p>\n\n\n\n<div class=\"wp-block-image\"><figure class=\"aligncenter size-large is-resized\"><a href=\"https:\/\/leplanepargneretraite.fr\/per\/index.php\/fiscalite\/\"><img loading=\"lazy\" src=\"https:\/\/leplanepargneretraite.fr\/per\/wp-content\/uploads\/2020\/09\/Fisca-exemple-deduit-accu-1.png\" alt=\"\" class=\"wp-image-1114\" width=\"530\" height=\"336\" srcset=\"https:\/\/leplanepargneretraite.fr\/per\/wp-content\/uploads\/2020\/09\/Fisca-exemple-deduit-accu-1.png 753w, https:\/\/leplanepargneretraite.fr\/per\/wp-content\/uploads\/2020\/09\/Fisca-exemple-deduit-accu-1-300x191.png 300w, https:\/\/leplanepargneretraite.fr\/per\/wp-content\/uploads\/2020\/09\/Fisca-exemple-deduit-accu-1-94x60.png 94w\" sizes=\"(max-width: 530px) 100vw, 530px\" \/><\/a><figcaption>Valable pour une sortie en capital<\/figcaption><\/figure><\/div>\n\n\n\n<div style=\"height:20px\" aria-hidden=\"true\" class=\"wp-block-spacer\"><\/div>\n\n\n\n<div class=\"wp-block-image\"><figure class=\"alignleft size-large is-resized\"><img loading=\"lazy\" src=\"https:\/\/leplanepargneretraite.fr\/per\/wp-content\/uploads\/2020\/09\/Sans-titre-41-1-1024x1024.png\" alt=\"\" class=\"wp-image-1139\" width=\"127\" height=\"127\" srcset=\"https:\/\/leplanepargneretraite.fr\/per\/wp-content\/uploads\/2020\/09\/Sans-titre-41-1-1024x1024.png 1024w, https:\/\/leplanepargneretraite.fr\/per\/wp-content\/uploads\/2020\/09\/Sans-titre-41-1-300x300.png 300w, https:\/\/leplanepargneretraite.fr\/per\/wp-content\/uploads\/2020\/09\/Sans-titre-41-1-150x150.png 150w, https:\/\/leplanepargneretraite.fr\/per\/wp-content\/uploads\/2020\/09\/Sans-titre-41-1-768x768.png 768w, https:\/\/leplanepargneretraite.fr\/per\/wp-content\/uploads\/2020\/09\/Sans-titre-41-1-370x370.png 370w, https:\/\/leplanepargneretraite.fr\/per\/wp-content\/uploads\/2020\/09\/Sans-titre-41-1-60x60.png 60w, https:\/\/leplanepargneretraite.fr\/per\/wp-content\/uploads\/2020\/09\/Sans-titre-41-1.png 1080w\" sizes=\"(max-width: 127px) 100vw, 127px\" \/><\/figure><\/div>\n\n\n\n<div class=\"wp-block-group\"><div class=\"wp-block-group__inner-container\">\n<p>Il peut \u00eatre int\u00e9ressant d&#8217;\u00e9chelonner les retraits en capital afin d&#8217;\u00e9viter que ceux-ci soient impos\u00e9s dans une tranche trop \u00e9lev\u00e9e de l&#8217;imp\u00f4t sur le revenu.<\/p>\n\n\n\n<div style=\"height:20px\" aria-hidden=\"true\" class=\"wp-block-spacer\"><\/div>\n<\/div><\/div>\n\n\n\n<div class=\"wp-block-buttons aligncenter\">\n<div class=\"wp-block-button is-style-outline\"><a class=\"wp-block-button__link has-white-background-color has-text-color has-background\" href=\"https:\/\/leplanepargneretraite.fr\/per\/index.php\/fiscalite\/\" style=\"color:#2a870d\">La fiscalit\u00e9 en d\u00e9tails<\/a><\/div>\n<\/div>\n\n\n\n<div style=\"height:49px\" aria-hidden=\"true\" class=\"wp-block-spacer\"><\/div>\n\n\n\n<h2 class=\"has-black-color has-text-color\"><strong>En cas de d\u00e9c\u00e8s : l&#8217;\u00e9pargne est transmise \u00e0 vos b\u00e9n\u00e9ficiaires ou h\u00e9ritiers&nbsp;&nbsp;<\/strong><\/h2>\n\n\n\n<p class=\"has-text-color\" style=\"color: #2a870d;\"><span style=\"color: #2a870d;\"><strong>PER assurantiel <\/strong><\/span><\/p>\n\n\n\n<div class=\"wp-block-image\"><figure class=\"aligncenter size-large is-resized\"><a href=\"https:\/\/leplanepargneretraite.fr\/per\/index.php\/en-cas-de-deces\/\"><img loading=\"lazy\" src=\"https:\/\/leplanepargneretraite.fr\/per\/wp-content\/uploads\/2020\/09\/Vers-avant-et-apers-70-ans-1024x577.png\" alt=\"\" class=\"wp-image-1132\" width=\"671\" height=\"378\" srcset=\"https:\/\/leplanepargneretraite.fr\/per\/wp-content\/uploads\/2020\/09\/Vers-avant-et-apers-70-ans-1024x577.png 1024w, https:\/\/leplanepargneretraite.fr\/per\/wp-content\/uploads\/2020\/09\/Vers-avant-et-apers-70-ans-300x169.png 300w, https:\/\/leplanepargneretraite.fr\/per\/wp-content\/uploads\/2020\/09\/Vers-avant-et-apers-70-ans-768x433.png 768w, https:\/\/leplanepargneretraite.fr\/per\/wp-content\/uploads\/2020\/09\/Vers-avant-et-apers-70-ans-106x60.png 106w, https:\/\/leplanepargneretraite.fr\/per\/wp-content\/uploads\/2020\/09\/Vers-avant-et-apers-70-ans.png 1064w\" sizes=\"(max-width: 671px) 100vw, 671px\" \/><\/a><\/figure><\/div>\n\n\n\n<p><\/p>\n<p class=\"has-text-color\" style=\"color: #2a870d;\"><\/p>\n\n\n\n<p class=\"has-text-color\" style=\"color:#2a870d\"><strong>Le PER compte-titres<\/strong><\/p>\n\n\n\n<div class=\"wp-block-image\"><figure class=\"alignleft size-large is-resized\"><img loading=\"lazy\" src=\"https:\/\/leplanepargneretraite.fr\/per\/wp-content\/uploads\/2020\/09\/Sans-titre-42-1-1024x1024.png\" alt=\"\" class=\"wp-image-1141\" width=\"124\" height=\"124\" srcset=\"https:\/\/leplanepargneretraite.fr\/per\/wp-content\/uploads\/2020\/09\/Sans-titre-42-1-1024x1024.png 1024w, https:\/\/leplanepargneretraite.fr\/per\/wp-content\/uploads\/2020\/09\/Sans-titre-42-1-300x300.png 300w, https:\/\/leplanepargneretraite.fr\/per\/wp-content\/uploads\/2020\/09\/Sans-titre-42-1-150x150.png 150w, https:\/\/leplanepargneretraite.fr\/per\/wp-content\/uploads\/2020\/09\/Sans-titre-42-1-768x768.png 768w, https:\/\/leplanepargneretraite.fr\/per\/wp-content\/uploads\/2020\/09\/Sans-titre-42-1-370x370.png 370w, https:\/\/leplanepargneretraite.fr\/per\/wp-content\/uploads\/2020\/09\/Sans-titre-42-1-60x60.png 60w, https:\/\/leplanepargneretraite.fr\/per\/wp-content\/uploads\/2020\/09\/Sans-titre-42-1.png 1080w\" sizes=\"(max-width: 124px) 100vw, 124px\" \/><\/figure><\/div>\n\n\n\n<p class=\"has-black-color has-text-color\">Le capital ou la valeur capitalis\u00e9e de la rente sont transmis aux h\u00e9ritiers ou l\u00e9gataires. Ils int\u00e8grent l&#8217;actif successoral et sont tax\u00e9s&nbsp;aux droits de succession&nbsp;selon le lien de parent\u00e9 entre le b\u00e9n\u00e9ficiaire et le titulaire du plan.<\/p>\n\n\n\n<div class=\"wp-block-buttons aligncenter\">\n<div class=\"wp-block-button is-style-outline\"><a class=\"wp-block-button__link has-white-background-color has-text-color has-background\" href=\"https:\/\/leplanepargneretraite.fr\/per\/index.php\/en-cas-de-deces\/\" style=\"color:#2a870d\">En savoir plus sur la fiscalit\u00e9 \u00e0 la succession<\/a><\/div>\n<\/div>\n\n\n\n<div style=\"height:42px\" aria-hidden=\"true\" class=\"wp-block-spacer\"><\/div>\n<\/div><\/div>\n\n\n\n<div class=\"wp-block-group div{ text-align: justify; text-justify: inter-word; } has-primary-color has-primary-background-color has-text-color has-background\"><div class=\"wp-block-group__inner-container\">\n<p class=\"has-black-color has-text-color\"><strong>Tr\u00e8s concr\u00e8tement, ce PER fonctionne comme un contrat d\u2019assurance-vie&nbsp;: vous pouvez donc choisir vos investissements, commencer avec une allocation dynamique tout en pr\u00e9voyant de r\u00e9duire le risque \u00e0 l\u2019approche de la retraite afin de s\u00e9curiser vos fonds. <\/strong><\/p>\n\n\n\n<div style=\"height:54px\" aria-hidden=\"true\" class=\"wp-block-spacer\"><\/div>\n\n\n\n<div class=\"wp-block-button aligncenter is-style-fill\"><a class=\"wp-block-button__link has-foreground-dark-color has-text-color has-background\" href=\"https:\/\/leplanepargneretraite.fr\/per\/index.php\/contact\/\" style=\"background-color:#2a870d\">Besoin d&#8217;aide ?<\/a><\/div>\n<\/div><\/div>\n\n\n\n<p><\/p>\n","protected":false},"excerpt":{"rendered":"<p>Tout savoir sur le PERin Utiliser vos imp\u00f4ts pour financer votre retraite (ou votre r\u00e9sidence principale) En investissant dans un PER, vous pourrez d\u00e9duire vos versements de votre revenu imposable, et ainsi r\u00e9duire vos imp\u00f4ts. Et gr\u00e2ce aux nouveaut\u00e9s introduites par la loi pacte, vous aurez la libert\u00e9 de r\u00e9cup\u00e9rer vos fonds : &#8211; En &hellip; <\/p>\n","protected":false},"author":2,"featured_media":0,"parent":0,"menu_order":1,"comment_status":"closed","ping_status":"closed","template":"","meta":[],"uagb_featured_image_src":{"full":false,"thumbnail":false,"medium":false,"medium_large":false,"large":false,"1536x1536":false,"2048x2048":false,"wptouch-new-thumbnail":false,"rara-business-featured":false,"rara-business-team":false,"rara-business-blog":false,"rara-business-portfolio":false,"rara-business-schema":false},"uagb_author_info":{"display_name":"dmvper","author_link":"https:\/\/leplanepargneretraite.fr\/per\/index.php\/author\/dmvper\/"},"uagb_comment_info":0,"uagb_excerpt":"Tout savoir sur le PERin Utiliser vos imp\u00f4ts pour financer votre retraite (ou votre r\u00e9sidence principale) En investissant dans un PER, vous pourrez d\u00e9duire vos versements de votre revenu imposable, et ainsi r\u00e9duire vos imp\u00f4ts. Et gr\u00e2ce aux nouveaut\u00e9s introduites par la loi pacte, vous aurez la libert\u00e9 de r\u00e9cup\u00e9rer vos fonds : &#8211; En\u2026","yoast_head":"<!-- This site is optimized with the Yoast SEO plugin v14.9 - https:\/\/yoast.com\/wordpress\/plugins\/seo\/ -->\n<title>- Le Plan Epargne Retraite<\/title>\n<meta name=\"description\" content=\"Tout savoir sur le plan d&#039;\u00e9pargne retraite individuel 2020. De la mise en place \u00e0 la fiscalit\u00e9 !\" \/>\n<meta name=\"robots\" content=\"index, follow, max-snippet:-1, max-image-preview:large, max-video-preview:-1\" \/>\n<link rel=\"canonical\" href=\"https:\/\/leplanepargneretraite.fr\/per\/\" \/>\n<meta property=\"og:locale\" content=\"fr_FR\" \/>\n<meta property=\"og:type\" content=\"article\" \/>\n<meta property=\"og:title\" content=\"- Le Plan Epargne Retraite\" \/>\n<meta property=\"og:description\" content=\"Tout savoir sur le plan d&#039;\u00e9pargne retraite individuel 2020. De la mise en place \u00e0 la fiscalit\u00e9 !\" \/>\n<meta property=\"og:url\" content=\"https:\/\/leplanepargneretraite.fr\/per\/\" \/>\n<meta property=\"og:site_name\" content=\"Le Plan Epargne Retraite\" \/>\n<meta property=\"article:modified_time\" content=\"2020-09-30T14:20:18+00:00\" \/>\n<meta property=\"og:image\" content=\"https:\/\/leplanepargneretraite.fr\/per\/wp-content\/uploads\/2020\/09\/10-1-1-1024x576.png\" \/>\n<meta name=\"twitter:card\" content=\"summary_large_image\" \/>\n<script type=\"application\/ld+json\" class=\"yoast-schema-graph\">{\"@context\":\"https:\/\/schema.org\",\"@graph\":[{\"@type\":\"Organization\",\"@id\":\"https:\/\/leplanepargneretraite.fr\/per\/#organization\",\"name\":\"Le plan epargne retraite\",\"url\":\"https:\/\/leplanepargneretraite.fr\/per\/\",\"sameAs\":[],\"logo\":{\"@type\":\"ImageObject\",\"@id\":\"https:\/\/leplanepargneretraite.fr\/per\/#logo\",\"inLanguage\":\"fr-FR\",\"url\":\"https:\/\/leplanepargneretraite.fr\/per\/wp-content\/uploads\/2020\/09\/PER-7.png\",\"width\":1080,\"height\":1080,\"caption\":\"Le plan epargne retraite\"},\"image\":{\"@id\":\"https:\/\/leplanepargneretraite.fr\/per\/#logo\"}},{\"@type\":\"WebSite\",\"@id\":\"https:\/\/leplanepargneretraite.fr\/per\/#website\",\"url\":\"https:\/\/leplanepargneretraite.fr\/per\/\",\"name\":\"Le Plan Epargne Retraite\",\"description\":\"Investissez vos imp\\u00f4ts pour pr\\u00e9parer votre retraite\",\"publisher\":{\"@id\":\"https:\/\/leplanepargneretraite.fr\/per\/#organization\"},\"potentialAction\":[{\"@type\":\"SearchAction\",\"target\":\"https:\/\/leplanepargneretraite.fr\/per\/?s={search_term_string}\",\"query-input\":\"required name=search_term_string\"}],\"inLanguage\":\"fr-FR\"},{\"@type\":\"ImageObject\",\"@id\":\"https:\/\/leplanepargneretraite.fr\/per\/#primaryimage\",\"inLanguage\":\"fr-FR\",\"url\":\"https:\/\/leplanepargneretraite.fr\/per\/wp-content\/uploads\/2020\/09\/10-1-1.png\",\"width\":1920,\"height\":1080},{\"@type\":\"WebPage\",\"@id\":\"https:\/\/leplanepargneretraite.fr\/per\/#webpage\",\"url\":\"https:\/\/leplanepargneretraite.fr\/per\/\",\"name\":\"- Le Plan Epargne Retraite\",\"isPartOf\":{\"@id\":\"https:\/\/leplanepargneretraite.fr\/per\/#website\"},\"primaryImageOfPage\":{\"@id\":\"https:\/\/leplanepargneretraite.fr\/per\/#primaryimage\"},\"datePublished\":\"2020-03-26T14:35:15+00:00\",\"dateModified\":\"2020-09-30T14:20:18+00:00\",\"description\":\"Tout savoir sur le plan d'\\u00e9pargne retraite individuel 2020. De la mise en place \\u00e0 la fiscalit\\u00e9 !\",\"inLanguage\":\"fr-FR\",\"potentialAction\":[{\"@type\":\"ReadAction\",\"target\":[\"https:\/\/leplanepargneretraite.fr\/per\/\"]}]}]}<\/script>\n<!-- \/ Yoast SEO plugin. -->","_links":{"self":[{"href":"https:\/\/leplanepargneretraite.fr\/per\/index.php\/wp-json\/wp\/v2\/pages\/6"}],"collection":[{"href":"https:\/\/leplanepargneretraite.fr\/per\/index.php\/wp-json\/wp\/v2\/pages"}],"about":[{"href":"https:\/\/leplanepargneretraite.fr\/per\/index.php\/wp-json\/wp\/v2\/types\/page"}],"author":[{"embeddable":true,"href":"https:\/\/leplanepargneretraite.fr\/per\/index.php\/wp-json\/wp\/v2\/users\/2"}],"replies":[{"embeddable":true,"href":"https:\/\/leplanepargneretraite.fr\/per\/index.php\/wp-json\/wp\/v2\/comments?post=6"}],"version-history":[{"count":164,"href":"https:\/\/leplanepargneretraite.fr\/per\/index.php\/wp-json\/wp\/v2\/pages\/6\/revisions"}],"predecessor-version":[{"id":1397,"href":"https:\/\/leplanepargneretraite.fr\/per\/index.php\/wp-json\/wp\/v2\/pages\/6\/revisions\/1397"}],"wp:attachment":[{"href":"https:\/\/leplanepargneretraite.fr\/per\/index.php\/wp-json\/wp\/v2\/media?parent=6"}],"curies":[{"name":"wp","href":"https:\/\/api.w.org\/{rel}","templated":true}]}}