{"id":8,"date":"2020-03-26T15:35:13","date_gmt":"2020-03-26T14:35:13","guid":{"rendered":"https:\/\/plandepargneindividuel.wordpress.com\/?page_id=8"},"modified":"2020-09-29T16:47:46","modified_gmt":"2020-09-29T14:47:46","slug":"contact","status":"publish","type":"page","link":"https:\/\/leplanepargneretraite.fr\/per\/index.php\/contact\/","title":{"rendered":"\u00catre contact\u00e9"},"content":{"rendered":"\n<p class=\"has-text-align-center has-black-color has-text-color\"><strong>Vous souhaitez en savoir plus et \u00eatre accompagn\u00e9 pour la mise en place de votre PER, envoyez nous un message !<\/strong><\/p>\n\n\n\n<div style=\"height:32px\" aria-hidden=\"true\" class=\"wp-block-spacer desktop-only\"><\/div>\n\n\n\n<figure class=\"wp-block-gallery columns-2 is-cropped\"><ul class=\"blocks-gallery-grid\"><li class=\"blocks-gallery-item\"><figure><img loading=\"lazy\" width=\"762\" height=\"752\" src=\"https:\/\/leplanepargneretraite.fr\/per\/wp-content\/uploads\/2020\/09\/Femme-affaire-1.png\" alt=\"\" data-id=\"945\" data-full-url=\"https:\/\/leplanepargneretraite.fr\/per\/wp-content\/uploads\/2020\/09\/Femme-affaire-1.png\" data-link=\"https:\/\/leplanepargneretraite.fr\/per\/index.php\/contact\/femme-affaire-1\/\" class=\"wp-image-945\" srcset=\"https:\/\/leplanepargneretraite.fr\/per\/wp-content\/uploads\/2020\/09\/Femme-affaire-1.png 762w, https:\/\/leplanepargneretraite.fr\/per\/wp-content\/uploads\/2020\/09\/Femme-affaire-1-300x296.png 300w, https:\/\/leplanepargneretraite.fr\/per\/wp-content\/uploads\/2020\/09\/Femme-affaire-1-61x60.png 61w\" sizes=\"(max-width: 762px) 100vw, 762px\" \/><\/figure><\/li><li class=\"blocks-gallery-item\"><figure><img loading=\"lazy\" width=\"723\" height=\"715\" src=\"https:\/\/leplanepargneretraite.fr\/per\/wp-content\/uploads\/2020\/09\/Homme-affaire-1.png\" alt=\"\" data-id=\"946\" data-full-url=\"https:\/\/leplanepargneretraite.fr\/per\/wp-content\/uploads\/2020\/09\/Homme-affaire-1.png\" data-link=\"https:\/\/leplanepargneretraite.fr\/per\/index.php\/contact\/homme-affaire-1\/\" class=\"wp-image-946\" srcset=\"https:\/\/leplanepargneretraite.fr\/per\/wp-content\/uploads\/2020\/09\/Homme-affaire-1.png 723w, https:\/\/leplanepargneretraite.fr\/per\/wp-content\/uploads\/2020\/09\/Homme-affaire-1-300x297.png 300w, https:\/\/leplanepargneretraite.fr\/per\/wp-content\/uploads\/2020\/09\/Homme-affaire-1-61x60.png 61w\" sizes=\"(max-width: 723px) 100vw, 723px\" \/><\/figure><\/li><\/ul><\/figure>\n\n\n\n<div class=\"wp-block-columns\"><\/div>\n\n\n\n<div class=\"wp-block-columns alignwide has-2-columns\">\n<div class=\"wp-block-column\">\n<h2 class=\"has-text-align-left has-primary-color has-text-color\">DMV Conseil <\/h2>\n\n\n\n<div class=\"wp-block-group\"><div class=\"wp-block-group__inner-container\">\n<p><strong>Cabinet de gestion de patrimoine<\/strong><\/p>\n<div>01 78 95 59 33<\/div>\n<div>&nbsp;<\/div>\n<p><a href=\"mailto:info@dmvconseil.com\">info@dmvconseil.com<\/a><\/p>\n<p>19 Boulevard Malesherbes&nbsp; &nbsp; &nbsp; &nbsp; &nbsp; &nbsp; &nbsp; &nbsp; &nbsp; 75008 Paris<\/p>\n\n\n\n<div class=\"wp-block-uagb-google-map uagb-google-map__wrap uagb-block-f1b5e48f\"><iframe class=\"uagb-google-map__iframe\" title=\"Google Map for 19 boulevard malesherbes\" src=\"https:\/\/www.google.com\/maps\/embed\/v1\/place?key=AIzaSyAsd_d46higiozY-zNqtr7zdA81Soswje4&amp;q=19%20boulevard%20malesherbes&amp;zoom=12\" style=\"height:300px\"><\/iframe><\/div>\n<\/div><\/div>\n\n\n\n<p><\/p>\n<\/div>\n\n\n\n<div class=\"wp-block-column\">\n<h2 class=\"has-text-align-center has-primary-color has-text-color\">Envoyez-nous un message<\/h2>\n\n\n<div class=\"wpforms-container wpforms-container-full\" id=\"wpforms-653\"><form id=\"wpforms-form-653\" class=\"wpforms-validate wpforms-form\" data-formid=\"653\" method=\"post\" enctype=\"multipart\/form-data\" action=\"\/per\/index.php\/wp-json\/wp\/v2\/pages\/8\" data-token=\"913c2f3bf4821f7607fe6e3c2cdadf8b\"><noscript class=\"wpforms-error-noscript\">Veuillez activer JavaScript dans votre navigateur pour remplir ce formulaire.<\/noscript><div class=\"wpforms-field-container\"><div id=\"wpforms-653-field_0-container\" class=\"wpforms-field wpforms-field-name\" data-field-id=\"0\"><label class=\"wpforms-field-label\" for=\"wpforms-653-field_0\">Nom <span class=\"wpforms-required-label\">*<\/span><\/label><input type=\"text\" id=\"wpforms-653-field_0\" class=\"wpforms-field-large wpforms-field-required\" name=\"wpforms[fields][0]\" required><\/div><div id=\"wpforms-653-field_4-container\" class=\"wpforms-field wpforms-field-text\" data-field-id=\"4\"><label class=\"wpforms-field-label\" for=\"wpforms-653-field_4\">T\u00e9l\u00e9phone <span class=\"wpforms-required-label\">*<\/span><\/label><input type=\"text\" id=\"wpforms-653-field_4\" class=\"wpforms-field-large wpforms-field-required wpforms-limit-characters-enabled\" data-form-id=\"653\" data-field-id=\"4\" data-text-limit=\"12\" name=\"wpforms[fields][4]\" maxlength=\"12\" required><\/div><div id=\"wpforms-653-field_1-container\" class=\"wpforms-field wpforms-field-email\" data-field-id=\"1\"><label class=\"wpforms-field-label\" for=\"wpforms-653-field_1\">E-mail <span class=\"wpforms-required-label\">*<\/span><\/label><input type=\"email\" id=\"wpforms-653-field_1\" class=\"wpforms-field-large wpforms-field-required\" name=\"wpforms[fields][1]\" required><\/div><div id=\"wpforms-653-field_2-container\" class=\"wpforms-field wpforms-field-textarea\" data-field-id=\"2\"><label class=\"wpforms-field-label\" for=\"wpforms-653-field_2\">Message <span class=\"wpforms-required-label\">*<\/span><\/label><textarea id=\"wpforms-653-field_2\" class=\"wpforms-field-medium wpforms-field-required\" name=\"wpforms[fields][2]\" required><\/textarea><\/div><\/div><div class=\"wpforms-field wpforms-field-hp\"><label for=\"wpforms-653-field-hp\" class=\"wpforms-field-label\">Message<\/label><input type=\"text\" name=\"wpforms[hp]\" id=\"wpforms-653-field-hp\" class=\"wpforms-field-medium\"><\/div><div class=\"wpforms-recaptcha-container\" ><div class=\"g-recaptcha\" data-sitekey=\"6LeAzM4ZAAAAAIkaQOFXMGyXsT8pqK9tisZ8ATbe\"><\/div><input type=\"text\" name=\"g-recaptcha-hidden\" class=\"wpforms-recaptcha-hidden\" style=\"position:absolute!important;clip:rect(0,0,0,0)!important;height:1px!important;width:1px!important;border:0!important;overflow:hidden!important;padding:0!important;margin:0!important;\" required><\/div><div class=\"wpforms-submit-container\" ><input type=\"hidden\" name=\"wpforms[id]\" value=\"653\"><input type=\"hidden\" name=\"wpforms[author]\" value=\"2\"><button type=\"submit\" name=\"wpforms[submit]\" class=\"wpforms-submit \" id=\"wpforms-submit-653\" value=\"wpforms-submit\" aria-live=\"assertive\" data-alt-text=\"Envoi...\" data-submit-text=\"Envoyer\">Envoyer<\/button><\/div><\/form><\/div>  <!-- .wpforms-container -->\n\n\n<p class=\"has-text-align-center has-black-color has-text-color has-small-font-size\"><a href=\"https:\/\/leplanepargneretraite.fr\/per\/index.php\/mentions-legales\/#Protection-donn\u00e9es\" target=\"_blank\" rel=\"noreferrer noopener\">Protection des donn\u00e9es personnelles<\/a><\/p>\n<\/div>\n<\/div>\n","protected":false},"excerpt":{"rendered":"<p>Vous souhaitez en savoir plus et \u00eatre accompagn\u00e9 pour la mise en place de votre PER, envoyez nous un message ! DMV Conseil Envoyez-nous un message Protection des donn\u00e9es personnelles<\/p>\n","protected":false},"author":2,"featured_media":0,"parent":0,"menu_order":0,"comment_status":"closed","ping_status":"closed","template":"","meta":[],"uagb_featured_image_src":{"full":false,"thumbnail":false,"medium":false,"medium_large":false,"large":false,"1536x1536":false,"2048x2048":false,"wptouch-new-thumbnail":false,"rara-business-featured":false,"rara-business-team":false,"rara-business-blog":false,"rara-business-portfolio":false,"rara-business-schema":false},"uagb_author_info":{"display_name":"dmvper","author_link":"https:\/\/leplanepargneretraite.fr\/per\/index.php\/author\/dmvper\/"},"uagb_comment_info":0,"uagb_excerpt":"Vous souhaitez en savoir plus et \u00eatre accompagn\u00e9 pour la mise en place de votre PER, envoyez nous un message ! DMV Conseil Envoyez-nous un message Protection des donn\u00e9es personnelles","yoast_head":"<!-- This site is optimized with the Yoast SEO plugin v14.9 - https:\/\/yoast.com\/wordpress\/plugins\/seo\/ -->\n<title>\u00catre contact\u00e9 - Le Plan Epargne Retraite<\/title>\n<meta name=\"robots\" content=\"index, follow, max-snippet:-1, max-image-preview:large, max-video-preview:-1\" \/>\n<link rel=\"canonical\" href=\"https:\/\/leplanepargneretraite.fr\/per\/index.php\/contact\/\" \/>\n<meta property=\"og:locale\" content=\"fr_FR\" \/>\n<meta property=\"og:type\" content=\"article\" \/>\n<meta property=\"og:title\" content=\"\u00catre contact\u00e9 - Le Plan Epargne Retraite\" \/>\n<meta property=\"og:description\" content=\"Vous souhaitez en savoir plus et \u00eatre accompagn\u00e9 pour la mise en place de votre PER, envoyez nous un message ! DMV Conseil Envoyez-nous un message Protection des donn\u00e9es personnelles\" \/>\n<meta property=\"og:url\" content=\"https:\/\/leplanepargneretraite.fr\/per\/index.php\/contact\/\" \/>\n<meta property=\"og:site_name\" content=\"Le Plan Epargne Retraite\" \/>\n<meta property=\"article:modified_time\" content=\"2020-09-29T14:47:46+00:00\" \/>\n<meta property=\"og:image\" content=\"https:\/\/leplanepargneretraite.fr\/per\/wp-content\/uploads\/2020\/09\/Femme-affaire-1.png\" \/>\n<meta name=\"twitter:card\" content=\"summary_large_image\" \/>\n<script type=\"application\/ld+json\" class=\"yoast-schema-graph\">{\"@context\":\"https:\/\/schema.org\",\"@graph\":[{\"@type\":\"Organization\",\"@id\":\"https:\/\/leplanepargneretraite.fr\/per\/#organization\",\"name\":\"Le plan epargne retraite\",\"url\":\"https:\/\/leplanepargneretraite.fr\/per\/\",\"sameAs\":[],\"logo\":{\"@type\":\"ImageObject\",\"@id\":\"https:\/\/leplanepargneretraite.fr\/per\/#logo\",\"inLanguage\":\"fr-FR\",\"url\":\"https:\/\/leplanepargneretraite.fr\/per\/wp-content\/uploads\/2020\/09\/PER-7.png\",\"width\":1080,\"height\":1080,\"caption\":\"Le plan epargne retraite\"},\"image\":{\"@id\":\"https:\/\/leplanepargneretraite.fr\/per\/#logo\"}},{\"@type\":\"WebSite\",\"@id\":\"https:\/\/leplanepargneretraite.fr\/per\/#website\",\"url\":\"https:\/\/leplanepargneretraite.fr\/per\/\",\"name\":\"Le Plan Epargne Retraite\",\"description\":\"Investissez vos imp\\u00f4ts pour pr\\u00e9parer votre retraite\",\"publisher\":{\"@id\":\"https:\/\/leplanepargneretraite.fr\/per\/#organization\"},\"potentialAction\":[{\"@type\":\"SearchAction\",\"target\":\"https:\/\/leplanepargneretraite.fr\/per\/?s={search_term_string}\",\"query-input\":\"required name=search_term_string\"}],\"inLanguage\":\"fr-FR\"},{\"@type\":\"ImageObject\",\"@id\":\"https:\/\/leplanepargneretraite.fr\/per\/index.php\/contact\/#primaryimage\",\"inLanguage\":\"fr-FR\",\"url\":\"https:\/\/leplanepargneretraite.fr\/per\/wp-content\/uploads\/2020\/09\/Femme-affaire-1.png\",\"width\":762,\"height\":752},{\"@type\":\"WebPage\",\"@id\":\"https:\/\/leplanepargneretraite.fr\/per\/index.php\/contact\/#webpage\",\"url\":\"https:\/\/leplanepargneretraite.fr\/per\/index.php\/contact\/\",\"name\":\"\\u00catre contact\\u00e9 - Le Plan Epargne Retraite\",\"isPartOf\":{\"@id\":\"https:\/\/leplanepargneretraite.fr\/per\/#website\"},\"primaryImageOfPage\":{\"@id\":\"https:\/\/leplanepargneretraite.fr\/per\/index.php\/contact\/#primaryimage\"},\"datePublished\":\"2020-03-26T14:35:13+00:00\",\"dateModified\":\"2020-09-29T14:47:46+00:00\",\"inLanguage\":\"fr-FR\",\"potentialAction\":[{\"@type\":\"ReadAction\",\"target\":[\"https:\/\/leplanepargneretraite.fr\/per\/index.php\/contact\/\"]}]}]}<\/script>\n<!-- \/ Yoast SEO plugin. -->","_links":{"self":[{"href":"https:\/\/leplanepargneretraite.fr\/per\/index.php\/wp-json\/wp\/v2\/pages\/8"}],"collection":[{"href":"https:\/\/leplanepargneretraite.fr\/per\/index.php\/wp-json\/wp\/v2\/pages"}],"about":[{"href":"https:\/\/leplanepargneretraite.fr\/per\/index.php\/wp-json\/wp\/v2\/types\/page"}],"author":[{"embeddable":true,"href":"https:\/\/leplanepargneretraite.fr\/per\/index.php\/wp-json\/wp\/v2\/users\/2"}],"replies":[{"embeddable":true,"href":"https:\/\/leplanepargneretraite.fr\/per\/index.php\/wp-json\/wp\/v2\/comments?post=8"}],"version-history":[{"count":38,"href":"https:\/\/leplanepargneretraite.fr\/per\/index.php\/wp-json\/wp\/v2\/pages\/8\/revisions"}],"predecessor-version":[{"id":1343,"href":"https:\/\/leplanepargneretraite.fr\/per\/index.php\/wp-json\/wp\/v2\/pages\/8\/revisions\/1343"}],"wp:attachment":[{"href":"https:\/\/leplanepargneretraite.fr\/per\/index.php\/wp-json\/wp\/v2\/media?parent=8"}],"curies":[{"name":"wp","href":"https:\/\/api.w.org\/{rel}","templated":true}]}}